{"id":19,"date":"2023-04-01T17:39:44","date_gmt":"2023-04-01T15:39:44","guid":{"rendered":"http:\/\/loeilletvert.ovh\/?page_id=19"},"modified":"2023-04-01T17:39:44","modified_gmt":"2023-04-01T15:39:44","slug":"faux-semblants","status":"publish","type":"page","link":"https:\/\/loeilletvert.ovh\/?page_id=19","title":{"rendered":"Faux semblants"},"content":{"rendered":"\n<p><\/p>\n\n\n\n<figure class=\"wp-block-image size-full\"><img loading=\"lazy\" decoding=\"async\" width=\"609\" height=\"814\" src=\"http:\/\/loeilletvert.ovh\/wp-content\/uploads\/2023\/04\/FAUX-SEMBLANTS-300-DPI.jpg\" alt=\"\" class=\"wp-image-20\" srcset=\"https:\/\/loeilletvert.ovh\/wp-content\/uploads\/2023\/04\/FAUX-SEMBLANTS-300-DPI.jpg 609w, https:\/\/loeilletvert.ovh\/wp-content\/uploads\/2023\/04\/FAUX-SEMBLANTS-300-DPI-224x300.jpg 224w\" sizes=\"auto, (max-width: 609px) 100vw, 609px\" \/><\/figure>\n\n\n\n<p><strong>Cat\u00e9gorie&nbsp;: <\/strong>Pi\u00e8ce de th\u00e9\u00e2tre<\/p>\n\n\n\n<p><strong>Genre&nbsp;: <\/strong>Com\u00e9die \u2013 Tous publics<\/p>\n\n\n\n<p><strong>Organisateur&nbsp;: <\/strong>Compagnie th\u00e9\u00e2trale de l\u2019\u0153illet vert<\/p>\n\n\n\n<p><strong>Auteur&nbsp;: <\/strong>Danielle MORRIS<\/p>\n\n\n\n<p><strong>Metteur en sc\u00e8ne&nbsp;: <\/strong>Dorian MORRIS<\/p>\n\n\n\n<p><strong>Com\u00e9diens&nbsp;: <\/strong>C\u00e9line BARNIAUDY, Narimann BOUTAGOUGA, Christian MORRIS, Danielle MORRIS, Dorian MORRIS.<\/p>\n\n\n\n<p><strong>Synopsis&nbsp;: <\/strong>C\u2019est l\u2019histoire d\u2019une cro\u00fbte sign\u00e9e Pignol qui tr\u00f4ne dans un salon de r\u00e9cup, l\u2019histoire du type qui l\u2019a achet\u00e9e dans un vide grenier parce qu\u2019on lui a fait un prix, qui a quitt\u00e9 la vie parisienne pour s\u2019encro\u00fbter dans le Larzac. C\u2019est l\u2019histoire de sa femme qui n\u2019aime ni la cro\u00fbte, ni le Larzac, mais qui trouve le type \u00e9mouvant. C\u2019est l\u2019histoire de la bonne copine parisienne qui vient pr\u00e9senter l\u2019amour de sa vie et qui pense que le type est radin et homophobe. C\u2019est l\u2019histoire d\u2019une com\u00e9die loufoque aux multiples rebondissements, interdite \u00e0 ceux qui n\u2019aiment pas les surprises, parce qu\u2019elles sont rarement bonnes, \u00e0 ce qu\u2019il parait&nbsp;!<\/p>\n\n\n\n<p><strong>Dur\u00e9e&nbsp;: <\/strong>1 h 20<\/p>\n\n\n\n<p><strong>Contact&nbsp;: <\/strong><a href=\"mailto:compagniedeloeilletvert@gmail.com\">compagniedeloeilletvert@gmail.com<\/a>&nbsp; &#8211;&nbsp; 06 61 25 96 64<\/p>\n\n\n\n<p><strong>Repr\u00e9sentations&nbsp;: <\/strong>A venir&nbsp;: Salle Moli\u00e8re de Roquebrune-sur-Argens, samedi 6 mai 2023, \u00e0 20h30<\/p>\n","protected":false},"excerpt":{"rendered":"<p>Cat\u00e9gorie&nbsp;: Pi\u00e8ce de th\u00e9\u00e2tre Genre&nbsp;: Com\u00e9die \u2013 Tous publics Organisateur&nbsp;: Compagnie th\u00e9\u00e2trale de l\u2019\u0153illet vert Auteur&nbsp;: Danielle MORRIS Metteur en sc\u00e8ne&nbsp;: Dorian MORRIS Com\u00e9diens&nbsp;: C\u00e9line BARNIAUDY, Narimann BOUTAGOUGA, Christian MORRIS, Danielle MORRIS, Dorian MORRIS. Synopsis&nbsp;: C\u2019est l\u2019histoire d\u2019une cro\u00fbte sign\u00e9e Pignol qui tr\u00f4ne dans un salon de r\u00e9cup, l\u2019histoire du type qui l\u2019a achet\u00e9e dans [&hellip;]<\/p>\n","protected":false},"author":1,"featured_media":0,"parent":0,"menu_order":0,"comment_status":"closed","ping_status":"closed","template":"","meta":{"_monsterinsights_skip_tracking":false,"_monsterinsights_sitenote_active":false,"_monsterinsights_sitenote_note":"","_monsterinsights_sitenote_category":0,"footnotes":""},"class_list":["post-19","page","type-page","status-publish","hentry"],"_links":{"self":[{"href":"https:\/\/loeilletvert.ovh\/index.php?rest_route=\/wp\/v2\/pages\/19","targetHints":{"allow":["GET"]}}],"collection":[{"href":"https:\/\/loeilletvert.ovh\/index.php?rest_route=\/wp\/v2\/pages"}],"about":[{"href":"https:\/\/loeilletvert.ovh\/index.php?rest_route=\/wp\/v2\/types\/page"}],"author":[{"embeddable":true,"href":"https:\/\/loeilletvert.ovh\/index.php?rest_route=\/wp\/v2\/users\/1"}],"replies":[{"embeddable":true,"href":"https:\/\/loeilletvert.ovh\/index.php?rest_route=%2Fwp%2Fv2%2Fcomments&post=19"}],"version-history":[{"count":1,"href":"https:\/\/loeilletvert.ovh\/index.php?rest_route=\/wp\/v2\/pages\/19\/revisions"}],"predecessor-version":[{"id":21,"href":"https:\/\/loeilletvert.ovh\/index.php?rest_route=\/wp\/v2\/pages\/19\/revisions\/21"}],"wp:attachment":[{"href":"https:\/\/loeilletvert.ovh\/index.php?rest_route=%2Fwp%2Fv2%2Fmedia&parent=19"}],"curies":[{"name":"wp","href":"https:\/\/api.w.org\/{rel}","templated":true}]}}