{"id":2,"date":"2023-03-25T19:27:19","date_gmt":"2023-03-25T18:27:19","guid":{"rendered":"http:\/\/loeilletvert.ovh\/?page_id=2"},"modified":"2023-04-01T17:29:19","modified_gmt":"2023-04-01T15:29:19","slug":"page-d-exemple","status":"publish","type":"page","link":"https:\/\/loeilletvert.ovh\/?page_id=2","title":{"rendered":"Alois"},"content":{"rendered":"\n<figure class=\"wp-block-image size-large\"><img loading=\"lazy\" decoding=\"async\" width=\"1024\" height=\"511\" src=\"http:\/\/loeilletvert.ovh\/wp-content\/uploads\/2023\/04\/34-1024x511.png\" alt=\"\" class=\"wp-image-6\" srcset=\"https:\/\/loeilletvert.ovh\/wp-content\/uploads\/2023\/04\/34-1024x511.png 1024w, https:\/\/loeilletvert.ovh\/wp-content\/uploads\/2023\/04\/34-300x150.png 300w, https:\/\/loeilletvert.ovh\/wp-content\/uploads\/2023\/04\/34-768x383.png 768w, https:\/\/loeilletvert.ovh\/wp-content\/uploads\/2023\/04\/34.png 1074w\" sizes=\"auto, (max-width: 1024px) 100vw, 1024px\" \/><\/figure>\n\n\n\n<p><strong>Cat\u00e9gorie\u00a0:<\/strong> Pi\u00e8ce de th\u00e9\u00e2tre<\/p>\n\n\n\n<p><strong>Genre&nbsp;:<\/strong> Drame social \u2013 Public&nbsp;: Adolescents, Adultes<\/p>\n\n\n\n<p><strong>Organisateur&nbsp;:<\/strong> Compagnie th\u00e9\u00e2trale de l\u2019\u0153illet vert<\/p>\n\n\n\n<p><strong>Auteur&nbsp;:<\/strong> Christian MORRIS, Dorian MORRIS<\/p>\n\n\n\n<p><strong>Com\u00e9diens&nbsp;:<\/strong> Christian MORRIS, Dorian MORRIS<\/p>\n\n\n\n<p><strong>Metteur en sc\u00e8ne&nbsp;:<\/strong> Tony MASTROPIETRO<\/p>\n\n\n\n<p><strong>Synopsis&nbsp;:<\/strong> \u00ab&nbsp;Un vieil homme d\u00e9couvre dans son appartement un jeune inconnu, lequel s\u2019int\u00e9resse avec insistance au pass\u00e9 de son a\u00een\u00e9. L\u2019intrus ne semble pas redouter l\u2019intervention de la police\u2026 D\u2019ailleurs, pourquoi n\u2019intervient-elle pas la police&nbsp;? Gabriel, qui apparait en filigrane dans le discours des deux hommes, semble d\u00e9tenir la cl\u00e9 de l\u2019\u00e9nigme, mais viendra-t-il&nbsp;?&nbsp;\u00bb<\/p>\n\n\n\n<p>\u00ab&nbsp;ALO\u00cfS&nbsp;\u00bb, drame social de Christian et Dorian MORRIS, est construit comme un thriller bouleversant de la m\u00e9moire enfouie et de la transmission n\u00e9cessaire.<\/p>\n\n\n\n<p><strong>Dur\u00e9e&nbsp;:<\/strong> 1 h 15<\/p>\n\n\n\n<p><strong>Contact&nbsp;: <\/strong><a href=\"mailto:compagniedeloeilletvert@gmail.com\">compagniedeloeilletvert@gmail.com<\/a><\/p>\n\n\n\n<p><strong>Visuel&nbsp;: <\/strong>YouTube&nbsp;: \u00ab&nbsp;<a href=\"https:\/\/www.youtube.com\/watch?v=WGFMsG4WHRo\" data-type=\"URL\" data-id=\"https:\/\/www.youtube.com\/watch?v=WGFMsG4WHRo\">ALO\u00cfS \u2013 le teaser<\/a>&nbsp;\u00bb <\/p>\n\n\n\n<p><strong>Repr\u00e9sentations&nbsp;: <\/strong>Festival Perch\u00e9 \u2013 Th\u00e9\u00e2tre de Verdure, Draguignan le 05\/08\/2021&nbsp;; Salle Moli\u00e8re, Roquebrune-sur-Argens le 16\/10\/2021&nbsp;; Th\u00e9\u00e2tre de l\u2019Alphabet \u00e0 Nice le 12\/11\/2021&nbsp;; Salle F\u00e9lix-Martin \u00e0 Saint-Rapha\u00ebl le 13\/04\/2022&nbsp;; Th\u00e9\u00e2tre de l\u2019Alphabet \u00e0 Nice le 28\/01\/2023\u2026<\/p>\n\n\n\n<figure class=\"wp-block-image size-large\"><img loading=\"lazy\" decoding=\"async\" width=\"847\" height=\"1024\" src=\"http:\/\/loeilletvert.ovh\/wp-content\/uploads\/2023\/04\/ALOIS-300-DPI-847x1024.jpg\" alt=\"\" class=\"wp-image-7\" srcset=\"https:\/\/loeilletvert.ovh\/wp-content\/uploads\/2023\/04\/ALOIS-300-DPI-847x1024.jpg 847w, https:\/\/loeilletvert.ovh\/wp-content\/uploads\/2023\/04\/ALOIS-300-DPI-248x300.jpg 248w, https:\/\/loeilletvert.ovh\/wp-content\/uploads\/2023\/04\/ALOIS-300-DPI-768x928.jpg 768w, https:\/\/loeilletvert.ovh\/wp-content\/uploads\/2023\/04\/ALOIS-300-DPI-1271x1536.jpg 1271w, https:\/\/loeilletvert.ovh\/wp-content\/uploads\/2023\/04\/ALOIS-300-DPI-1695x2048.jpg 1695w\" sizes=\"auto, (max-width: 847px) 100vw, 847px\" \/><\/figure>\n\n\n\n<blockquote class=\"wp-block-quote is-layout-flow wp-block-quote-is-layout-flow\">\n<p><\/p>\n<\/blockquote>\n","protected":false},"excerpt":{"rendered":"<p>Cat\u00e9gorie\u00a0: Pi\u00e8ce de th\u00e9\u00e2tre Genre&nbsp;: Drame social \u2013 Public&nbsp;: Adolescents, Adultes Organisateur&nbsp;: Compagnie th\u00e9\u00e2trale de l\u2019\u0153illet vert Auteur&nbsp;: Christian MORRIS, Dorian MORRIS Com\u00e9diens&nbsp;: Christian MORRIS, Dorian MORRIS Metteur en sc\u00e8ne&nbsp;: Tony MASTROPIETRO Synopsis&nbsp;: \u00ab&nbsp;Un vieil homme d\u00e9couvre dans son appartement un jeune inconnu, lequel s\u2019int\u00e9resse avec insistance au pass\u00e9 de son a\u00een\u00e9. L\u2019intrus ne semble [&hellip;]<\/p>\n","protected":false},"author":1,"featured_media":0,"parent":0,"menu_order":0,"comment_status":"closed","ping_status":"open","template":"","meta":{"_monsterinsights_skip_tracking":false,"_monsterinsights_sitenote_active":false,"_monsterinsights_sitenote_note":"","_monsterinsights_sitenote_category":0,"footnotes":""},"class_list":["post-2","page","type-page","status-publish","hentry"],"_links":{"self":[{"href":"https:\/\/loeilletvert.ovh\/index.php?rest_route=\/wp\/v2\/pages\/2","targetHints":{"allow":["GET"]}}],"collection":[{"href":"https:\/\/loeilletvert.ovh\/index.php?rest_route=\/wp\/v2\/pages"}],"about":[{"href":"https:\/\/loeilletvert.ovh\/index.php?rest_route=\/wp\/v2\/types\/page"}],"author":[{"embeddable":true,"href":"https:\/\/loeilletvert.ovh\/index.php?rest_route=\/wp\/v2\/users\/1"}],"replies":[{"embeddable":true,"href":"https:\/\/loeilletvert.ovh\/index.php?rest_route=%2Fwp%2Fv2%2Fcomments&post=2"}],"version-history":[{"count":3,"href":"https:\/\/loeilletvert.ovh\/index.php?rest_route=\/wp\/v2\/pages\/2\/revisions"}],"predecessor-version":[{"id":64,"href":"https:\/\/loeilletvert.ovh\/index.php?rest_route=\/wp\/v2\/pages\/2\/revisions\/64"}],"wp:attachment":[{"href":"https:\/\/loeilletvert.ovh\/index.php?rest_route=%2Fwp%2Fv2%2Fmedia&parent=2"}],"curies":[{"name":"wp","href":"https:\/\/api.w.org\/{rel}","templated":true}]}}