{"id":27,"date":"2023-04-01T17:44:40","date_gmt":"2023-04-01T15:44:40","guid":{"rendered":"http:\/\/loeilletvert.ovh\/?page_id=27"},"modified":"2023-04-01T17:44:40","modified_gmt":"2023-04-01T15:44:40","slug":"le-geranium","status":"publish","type":"page","link":"https:\/\/loeilletvert.ovh\/?page_id=27","title":{"rendered":"Le g\u00e9ranium"},"content":{"rendered":"\n<figure class=\"wp-block-image size-large\"><img loading=\"lazy\" decoding=\"async\" width=\"1024\" height=\"559\" src=\"http:\/\/loeilletvert.ovh\/wp-content\/uploads\/2023\/04\/7-1024x559.png\" alt=\"\" class=\"wp-image-28\" srcset=\"https:\/\/loeilletvert.ovh\/wp-content\/uploads\/2023\/04\/7-1024x559.png 1024w, https:\/\/loeilletvert.ovh\/wp-content\/uploads\/2023\/04\/7-300x164.png 300w, https:\/\/loeilletvert.ovh\/wp-content\/uploads\/2023\/04\/7-768x419.png 768w, https:\/\/loeilletvert.ovh\/wp-content\/uploads\/2023\/04\/7.png 1103w\" sizes=\"auto, (max-width: 1024px) 100vw, 1024px\" \/><\/figure>\n\n\n\n<p><strong>Cat\u00e9gorie&nbsp;:<\/strong> Pi\u00e8ce de th\u00e9\u00e2tre<\/p>\n\n\n\n<p><strong>Genre&nbsp;:<\/strong> Com\u00e9die dramatique \u2013 Public&nbsp;: Adolescents, adultes.<\/p>\n\n\n\n<p><strong>Organisateur&nbsp;:<\/strong> Compagnie th\u00e9\u00e2trale de l\u2019\u0153illet vert<\/p>\n\n\n\n<p><strong>Autrice&nbsp;:<\/strong> Danielle MORRIS<\/p>\n\n\n\n<p><strong>Com\u00e9diens&nbsp;: <\/strong>Christian MORRIS, Dorian MORRIS, Danielle MORRIS<\/p>\n\n\n\n<p><strong>Metteur en sc\u00e8ne&nbsp;:<\/strong> Dorian MORRIS<\/p>\n\n\n\n<p><strong>Synopsis&nbsp;:<\/strong> Mais qui est cet inconnu, dans son costume \u00e9trange \u00ab&nbsp;d\u2019estranger&nbsp;\u00bb, qui attend Joseph, le m\u00e9ridional, \u00e0 son r\u00e9veil, pour lui annoncer sa mort en lisant dans le journal son acte de d\u00e9c\u00e8s&nbsp;? Dans le d\u00e9ni, Joseph se moque de celui qu\u2019il nomme \u00ab&nbsp;le transparent&nbsp;\u00bb. Entre doute, peur et col\u00e8re, lourds secrets et aveux tardifs, ces deux-l\u00e0, si lointains et si proches, vont-ils se rejoindre&nbsp;? Mais la mort, est-ce bien s\u00e9rieux, dans cette pi\u00e8ce dr\u00f4le et \u00e9mouvante, au pays de Pagnol o\u00f9 l\u2019exag\u00e9ration est de mise&nbsp;?<\/p>\n\n\n\n<p><strong>Dur\u00e9e&nbsp;:<\/strong> 1 h 30<\/p>\n\n\n\n<p><strong>Contact&nbsp;: <\/strong><a href=\"mailto:compagniedeloeilletvert@gmail.com\">compagniedeloeilletvert@gmail.com<\/a><\/p>\n\n\n\n<p><strong>Visuel\u00a0: <\/strong>YouTube\u00a0: \u00ab\u00a0<a href=\"https:\/\/www.youtube.com\/watch?v=fEYidN3qd_k\" data-type=\"URL\" data-id=\"https:\/\/www.youtube.com\/watch?v=fEYidN3qd_k\">LE GERANIUM<\/a>\u00a0\u00bb, une pi\u00e8ce de Danielle MORRIS <\/p>\n\n\n\n<p><strong>Repr\u00e9sentations&nbsp;: <\/strong>Les Nuits-Off Ecole de Musique 16\/07\/2021&nbsp;; Festival Perch\u00e9 Ch\u00e2teaudouble 12\/08\/2021&nbsp;; Th\u00e9\u00e2tre l\u2019Alphabet \u00e0 Nice 24\/09\/2021&nbsp;; Salle Moli\u00e8re Roquebrune 15\/10\/2022.<\/p>\n\n\n\n<figure class=\"wp-block-image size-large\"><img loading=\"lazy\" decoding=\"async\" width=\"741\" height=\"1024\" src=\"http:\/\/loeilletvert.ovh\/wp-content\/uploads\/2023\/04\/LE-GERANIUM-300-DPI-741x1024.jpg\" alt=\"\" class=\"wp-image-29\" srcset=\"https:\/\/loeilletvert.ovh\/wp-content\/uploads\/2023\/04\/LE-GERANIUM-300-DPI-741x1024.jpg 741w, https:\/\/loeilletvert.ovh\/wp-content\/uploads\/2023\/04\/LE-GERANIUM-300-DPI-217x300.jpg 217w, https:\/\/loeilletvert.ovh\/wp-content\/uploads\/2023\/04\/LE-GERANIUM-300-DPI-768x1061.jpg 768w, https:\/\/loeilletvert.ovh\/wp-content\/uploads\/2023\/04\/LE-GERANIUM-300-DPI-1112x1536.jpg 1112w, https:\/\/loeilletvert.ovh\/wp-content\/uploads\/2023\/04\/LE-GERANIUM-300-DPI-1482x2048.jpg 1482w, https:\/\/loeilletvert.ovh\/wp-content\/uploads\/2023\/04\/LE-GERANIUM-300-DPI-scaled.jpg 1853w\" sizes=\"auto, (max-width: 741px) 100vw, 741px\" \/><\/figure>\n","protected":false},"excerpt":{"rendered":"<p>Cat\u00e9gorie&nbsp;: Pi\u00e8ce de th\u00e9\u00e2tre Genre&nbsp;: Com\u00e9die dramatique \u2013 Public&nbsp;: Adolescents, adultes. Organisateur&nbsp;: Compagnie th\u00e9\u00e2trale de l\u2019\u0153illet vert Autrice&nbsp;: Danielle MORRIS Com\u00e9diens&nbsp;: Christian MORRIS, Dorian MORRIS, Danielle MORRIS Metteur en sc\u00e8ne&nbsp;: Dorian MORRIS Synopsis&nbsp;: Mais qui est cet inconnu, dans son costume \u00e9trange \u00ab&nbsp;d\u2019estranger&nbsp;\u00bb, qui attend Joseph, le m\u00e9ridional, \u00e0 son r\u00e9veil, pour lui annoncer sa [&hellip;]<\/p>\n","protected":false},"author":1,"featured_media":0,"parent":0,"menu_order":0,"comment_status":"closed","ping_status":"closed","template":"","meta":{"_monsterinsights_skip_tracking":false,"_monsterinsights_sitenote_active":false,"_monsterinsights_sitenote_note":"","_monsterinsights_sitenote_category":0,"footnotes":""},"class_list":["post-27","page","type-page","status-publish","hentry"],"_links":{"self":[{"href":"https:\/\/loeilletvert.ovh\/index.php?rest_route=\/wp\/v2\/pages\/27","targetHints":{"allow":["GET"]}}],"collection":[{"href":"https:\/\/loeilletvert.ovh\/index.php?rest_route=\/wp\/v2\/pages"}],"about":[{"href":"https:\/\/loeilletvert.ovh\/index.php?rest_route=\/wp\/v2\/types\/page"}],"author":[{"embeddable":true,"href":"https:\/\/loeilletvert.ovh\/index.php?rest_route=\/wp\/v2\/users\/1"}],"replies":[{"embeddable":true,"href":"https:\/\/loeilletvert.ovh\/index.php?rest_route=%2Fwp%2Fv2%2Fcomments&post=27"}],"version-history":[{"count":1,"href":"https:\/\/loeilletvert.ovh\/index.php?rest_route=\/wp\/v2\/pages\/27\/revisions"}],"predecessor-version":[{"id":30,"href":"https:\/\/loeilletvert.ovh\/index.php?rest_route=\/wp\/v2\/pages\/27\/revisions\/30"}],"wp:attachment":[{"href":"https:\/\/loeilletvert.ovh\/index.php?rest_route=%2Fwp%2Fv2%2Fmedia&parent=27"}],"curies":[{"name":"wp","href":"https:\/\/api.w.org\/{rel}","templated":true}]}}