{"id":46,"date":"2023-04-01T18:05:20","date_gmt":"2023-04-01T16:05:20","guid":{"rendered":"http:\/\/loeilletvert.ovh\/?page_id=46"},"modified":"2023-04-01T18:05:20","modified_gmt":"2023-04-01T16:05:20","slug":"nos-livres","status":"publish","type":"page","link":"https:\/\/loeilletvert.ovh\/?page_id=46","title":{"rendered":"Nos livres"},"content":{"rendered":"\n<figure class=\"wp-block-image\"><a href=\"https:\/\/www.decitre.fr\/livre-pod\/l-ami-de-bunbury-ou-si-oscar-wilde-m-etait-conte-9782748005271.html\"><img loading=\"lazy\" decoding=\"async\" width=\"326\" height=\"475\" src=\"http:\/\/loeilletvert.ovh\/wp-content\/uploads\/2023\/04\/51050MYYZFL.jpg\" alt=\"\" class=\"wp-image-40\" srcset=\"https:\/\/loeilletvert.ovh\/wp-content\/uploads\/2023\/04\/51050MYYZFL.jpg 326w, https:\/\/loeilletvert.ovh\/wp-content\/uploads\/2023\/04\/51050MYYZFL-206x300.jpg 206w\" sizes=\"auto, (max-width: 326px) 100vw, 326px\" \/><\/a><\/figure>\n\n\n\n<p>Un jeune \u00e9tudiant d\u2019Oxford, dans les ann\u00e9es 1877-1878 d\u00e9clarait : &nbsp;\u00bb je serai po\u00e8te, \u00e9crivain, dramaturge. D\u2019une fa\u00e7on ou d\u2019une autre, je serai c\u00e9l\u00e8bre, quitte \u00e0 avoir mauvaise r\u00e9putation. &nbsp;\u00bb Sa pr\u00e9diction se r\u00e9alisa et il entra dans la l\u00e9gende, la sienne, et de son vivant. Qui dit l\u00e9gende, dit histoire et seul un ami imaginaire, Bunbury, personnage fictif d\u2019une de ses \u0153uvres, pouvait raconter la vie et l\u2019histoire de cet homme connu pour son dandysme, son intelligence et son scandale, mais aussi pour sa sensibilit\u00e9, sa fragilit\u00e9 et sa clairvoyance. Cet homme s\u2019appelait Oscar WILDE.<\/p>\n\n\n\n<figure class=\"wp-block-image\"><a href=\"https:\/\/www.decitre.fr\/livres\/sigmund-freud-et-le-fantome-d-oscar-wilde-9782343060705.html\"><img loading=\"lazy\" decoding=\"async\" width=\"813\" height=\"577\" src=\"http:\/\/loeilletvert.ovh\/wp-content\/uploads\/2023\/04\/SF-et-OW.png\" alt=\"\" class=\"wp-image-41\" srcset=\"https:\/\/loeilletvert.ovh\/wp-content\/uploads\/2023\/04\/SF-et-OW.png 813w, https:\/\/loeilletvert.ovh\/wp-content\/uploads\/2023\/04\/SF-et-OW-300x213.png 300w, https:\/\/loeilletvert.ovh\/wp-content\/uploads\/2023\/04\/SF-et-OW-768x545.png 768w\" sizes=\"auto, (max-width: 813px) 100vw, 813px\" \/><\/a><\/figure>\n\n\n\n<p>1938: Freud a abandonn\u00e9 Vienne, contraint \u00e0 l\u2019exil par la mont\u00e9e du nazisme. Dans sa r\u00e9sidence londonienne, il vit ses derniers mois, menant un combat acharn\u00e9 contre son cancer de la m\u00e2choire. Le p\u00e8re de la psychanalyse y re\u00e7oit la visite d\u2019un \u00e9trange patient qui pr\u00e9tend \u00eatre le fant\u00f4me d\u2019Oscar Wilde, lui-m\u00eame mort en exil \u00e0 Paris en 1900, apr\u00e8s sa terrible condamnation \u00e0 deux ans de travaux forc\u00e9s pour homosexualit\u00e9.<br>Ces deux g\u00e9ants vont se parler et s\u2019apprivoiser dans une psychanalyse hors du commun, o\u00f9 s\u2019affronte science et spiritualit\u00e9, rigueur intransigeante et superficialit\u00e9 de haut vol.<\/p>\n\n\n\n<figure class=\"wp-block-image\"><a href=\"https:\/\/www.decitre.fr\/livres\/l-oedipe-pour-tous-9782343170343.html\"><img loading=\"lazy\" decoding=\"async\" width=\"811\" height=\"635\" src=\"http:\/\/loeilletvert.ovh\/wp-content\/uploads\/2023\/04\/couverture.png\" alt=\"\" class=\"wp-image-42\" srcset=\"https:\/\/loeilletvert.ovh\/wp-content\/uploads\/2023\/04\/couverture.png 811w, https:\/\/loeilletvert.ovh\/wp-content\/uploads\/2023\/04\/couverture-300x235.png 300w, https:\/\/loeilletvert.ovh\/wp-content\/uploads\/2023\/04\/couverture-768x601.png 768w\" sizes=\"auto, (max-width: 811px) 100vw, 811px\" \/><\/a><\/figure>\n\n\n\n<p>\u0152dipe, 21 ans \u2013 qui vit encore chez ses parents et se pense schizo parce qu\u2019il entend des voix -, trouve ses parents bizarres depuis que son faux ami Tony a laiss\u00e9 sous-entendre, lors d\u2019une altercation, qu\u2019il avait \u00e9t\u00e9 adopt\u00e9. 11 est vrai que sa m\u00e8re chausse des Louboutin taille 43, et que son p\u00e8re, le roi du raisin de Corinthe, qui contr\u00f4le ses employ\u00e9s \u00e0 la vid\u00e9o-surveillance, n\u2019aime pas les questions de son fils.<br>Mais, faire confiance \u00e0 Tir\u00e9sias, le voyant du showbiz, est-ce vraiment la solution ? \u0152dipe finira par tracer sa vie \u00e0 la recherche de ses origines. Bien entendu, il n\u2019est pas au bout de ses surprises ! Au cours d\u2019un voyage loufoque, il ne manquerait plus qu\u2019il tue son p\u00e8re dans une battle, et qu\u2019il soit \u00e9lu pr\u00e9tendant de sa m\u00e8re dans une \u00e9mission de t\u00e9l\u00e9r\u00e9alit\u00e9. Le mythe d\u2019\u0152dipe est ici replac\u00e9 dans le contemporain, \u00e0 l\u2019\u00e9poque des d\u00e9bats autour du genre et du mariage pour tous, dans l\u2019atmosph\u00e8re des r\u00e9seaux sociaux et du reality show.<br>Comme chacun s\u2019y attend, il tombera, bien s\u00fbr, dans le panneau des dieux. L\u2019\u0152dipe pour tous se r\u00e9v\u00e8le une pi\u00e8ce comique, absurde, mais pleine de sens.<\/p>\n","protected":false},"excerpt":{"rendered":"<p>Un jeune \u00e9tudiant d\u2019Oxford, dans les ann\u00e9es 1877-1878 d\u00e9clarait : &nbsp;\u00bb je serai po\u00e8te, \u00e9crivain, dramaturge. D\u2019une fa\u00e7on ou d\u2019une autre, je serai c\u00e9l\u00e8bre, quitte \u00e0 avoir mauvaise r\u00e9putation. &nbsp;\u00bb Sa pr\u00e9diction se r\u00e9alisa et il entra dans la l\u00e9gende, la sienne, et de son vivant. Qui dit l\u00e9gende, dit histoire et seul un ami [&hellip;]<\/p>\n","protected":false},"author":1,"featured_media":0,"parent":0,"menu_order":0,"comment_status":"closed","ping_status":"closed","template":"","meta":{"_monsterinsights_skip_tracking":false,"_monsterinsights_sitenote_active":false,"_monsterinsights_sitenote_note":"","_monsterinsights_sitenote_category":0,"footnotes":""},"class_list":["post-46","page","type-page","status-publish","hentry"],"_links":{"self":[{"href":"https:\/\/loeilletvert.ovh\/index.php?rest_route=\/wp\/v2\/pages\/46","targetHints":{"allow":["GET"]}}],"collection":[{"href":"https:\/\/loeilletvert.ovh\/index.php?rest_route=\/wp\/v2\/pages"}],"about":[{"href":"https:\/\/loeilletvert.ovh\/index.php?rest_route=\/wp\/v2\/types\/page"}],"author":[{"embeddable":true,"href":"https:\/\/loeilletvert.ovh\/index.php?rest_route=\/wp\/v2\/users\/1"}],"replies":[{"embeddable":true,"href":"https:\/\/loeilletvert.ovh\/index.php?rest_route=%2Fwp%2Fv2%2Fcomments&post=46"}],"version-history":[{"count":1,"href":"https:\/\/loeilletvert.ovh\/index.php?rest_route=\/wp\/v2\/pages\/46\/revisions"}],"predecessor-version":[{"id":47,"href":"https:\/\/loeilletvert.ovh\/index.php?rest_route=\/wp\/v2\/pages\/46\/revisions\/47"}],"wp:attachment":[{"href":"https:\/\/loeilletvert.ovh\/index.php?rest_route=%2Fwp%2Fv2%2Fmedia&parent=46"}],"curies":[{"name":"wp","href":"https:\/\/api.w.org\/{rel}","templated":true}]}}